{"id":2661,"date":"2021-11-03T18:48:25","date_gmt":"2021-11-03T18:48:25","guid":{"rendered":"https:\/\/sommelierdemate.com\/web\/?post_type=product&#038;p=2661"},"modified":"2026-03-02T14:00:11","modified_gmt":"2026-03-02T14:00:11","slug":"libro-beber-y-comer-en-argentina","status":"publish","type":"product","link":"https:\/\/sommelierdemate.com\/web\/product\/libro-beber-y-comer-en-argentina\/","title":{"rendered":"LIBRO II \u00abBeber y Comer en Argentina\u00bb"},"content":{"rendered":"","protected":false},"excerpt":{"rendered":"<p>Este libro aborda la gastronom\u00eda y los vinos de nuestro pa\u00eds, dividida por regiones. Posee una descripci\u00f3n detallada de las regiones vitivin\u00edcolas, as\u00ed como de los platos m\u00e1s representativos de los Argentinos, con sus respectivas recetas. Desde la mirada de la Sommelier Karla Johan, se sugieren vinos de diferentes bodegas para acompa\u00f1ar de cada plato.<\/p>\n<p>Recibi\u00f3 el premio BEST IN THE WORLD en la categor\u00eda BEST FOOD AND WINE en el marco de el GOURMAND WORLD COOKBOOK AWARDS BEIJING, CHINA 2014. Quedando primero en su categor\u00eda.<\/p>\n<div style=\"color: #000000;\" align=\"left\">\n<div style=\"padding: 0px; margin-bottom: -10px; font-size: 21px; font-weight: 600;\">CONSEGU\u00cd EL LIBRO DIGITAL EN AMAZON:<\/div>\n<p><a style=\"color: #ff0000; font-size: 20px;\" href=\"https:\/\/www.amazon.com\/-\/es\/Karla-Johan-Lorenzo-ebook\/dp\/B07FF84NWP\/ref=sr_1_3?__mk_es_US=%C3%85M%C3%85%C5%BD%C3%95%C3%91&amp;dchild=1&amp;keywords=karla+johan&amp;qid=1584564309&amp;sr=8-3&amp;swrs=6CAA24051BD03E30B709E2CBFD905984\" target=\"_blank\" rel=\"noopener noreferrer\">CLICK AQU\u00cd<\/a><\/p>\n<\/div>\n<p>&nbsp;<\/p>\n","protected":false},"featured_media":2662,"comment_status":"open","ping_status":"closed","template":"","meta":{"_joinchat":[]},"product_brand":[],"product_cat":[54],"product_tag":[],"class_list":{"0":"post-2661","1":"product","2":"type-product","3":"status-publish","4":"has-post-thumbnail","6":"product_cat-libros","8":"first","9":"instock","10":"shipping-taxable","11":"purchasable","12":"product-type-simple"},"aioseo_notices":[],"_links":{"self":[{"href":"https:\/\/sommelierdemate.com\/web\/wp-json\/wp\/v2\/product\/2661","targetHints":{"allow":["GET"]}}],"collection":[{"href":"https:\/\/sommelierdemate.com\/web\/wp-json\/wp\/v2\/product"}],"about":[{"href":"https:\/\/sommelierdemate.com\/web\/wp-json\/wp\/v2\/types\/product"}],"replies":[{"embeddable":true,"href":"https:\/\/sommelierdemate.com\/web\/wp-json\/wp\/v2\/comments?post=2661"}],"wp:featuredmedia":[{"embeddable":true,"href":"https:\/\/sommelierdemate.com\/web\/wp-json\/wp\/v2\/media\/2662"}],"wp:attachment":[{"href":"https:\/\/sommelierdemate.com\/web\/wp-json\/wp\/v2\/media?parent=2661"}],"wp:term":[{"taxonomy":"product_brand","embeddable":true,"href":"https:\/\/sommelierdemate.com\/web\/wp-json\/wp\/v2\/product_brand?post=2661"},{"taxonomy":"product_cat","embeddable":true,"href":"https:\/\/sommelierdemate.com\/web\/wp-json\/wp\/v2\/product_cat?post=2661"},{"taxonomy":"product_tag","embeddable":true,"href":"https:\/\/sommelierdemate.com\/web\/wp-json\/wp\/v2\/product_tag?post=2661"}],"curies":[{"name":"wp","href":"https:\/\/api.w.org\/{rel}","templated":true}]}}